{"id":3468,"date":"2025-08-20T15:39:45","date_gmt":"2025-08-20T08:39:45","guid":{"rendered":"https:\/\/www.meublesmove.be\/?post_type=product&#038;p=3468"},"modified":"2025-08-28T14:31:40","modified_gmt":"2025-08-28T12:31:40","slug":"8215-16","status":"publish","type":"product","link":"https:\/\/www.meublesmove.be\/nl\/catalogue\/8215-16\/","title":{"rendered":"MeubleM 137"},"content":{"rendered":"<p>Houd er rekening mee dat de artikelen op onze website niet noodzakelijkerwijs in de winkel worden tentoongesteld en vice versa. Voor meer informatie kunt u contact met ons opnemen via e-mail of telefoon. Offertes en prijzen van individuele artikelen zijn alleen in de winkel verkrijgbaar. Bedankt voor uw begrip.<\/p>","protected":false},"excerpt":{"rendered":"<p>Structure : bois de manguier + m\u00e9tal<br \/>\nStijl: industrieel<br \/>\nMontage: Zelf te monteren<br \/>\nCette lampe suspendue rectangulaire est en bois de manguier. Ampoules non comprises. Elle dispose de 5 points lumineux soigneusement divis\u00e9s en ligne, de sorte que la lumi\u00e8re est agr\u00e9ablement et bien r\u00e9partie dans toute la pi\u00e8ce. La lampe est r\u00e9glable en hauteur jusqu&#8217;\u00e0 150 cm. L 125 x H 150 x P 25 cm. Poids 7 kg. Fixation au plafond : 45 cm x 8 cm, h = 4 cm. Il est recommand\u00e9 d&#8217;utiliser une source de lumi\u00e8re LED chaude. Type de douille conseil\u00e9 : Ampoule LED filament gouttelette &#8211; E27<\/p>\n<p>Een prachtige hanglamp die zeker indruk zal maken in uw interieur.<\/p>","protected":false},"featured_media":3467,"template":"","meta":{"_acf_changed":false},"product_brand":[],"product_cat":[117,137],"product_tag":[],"product_material":[],"class_list":{"0":"post-3468","1":"product","2":"type-product","3":"status-publish","4":"has-post-thumbnail","6":"product_cat-deco-et-divers","7":"product_cat-lampe-suspension","9":"first","10":"instock","11":"shipping-taxable","12":"product-type-simple"},"acf":[],"aioseo_notices":[],"_links":{"self":[{"href":"https:\/\/www.meublesmove.be\/nl\/wp-json\/wp\/v2\/product\/3468","targetHints":{"allow":["GET"]}}],"collection":[{"href":"https:\/\/www.meublesmove.be\/nl\/wp-json\/wp\/v2\/product"}],"about":[{"href":"https:\/\/www.meublesmove.be\/nl\/wp-json\/wp\/v2\/types\/product"}],"wp:featuredmedia":[{"embeddable":true,"href":"https:\/\/www.meublesmove.be\/nl\/wp-json\/wp\/v2\/media\/3467"}],"wp:attachment":[{"href":"https:\/\/www.meublesmove.be\/nl\/wp-json\/wp\/v2\/media?parent=3468"}],"wp:term":[{"taxonomy":"product_brand","embeddable":true,"href":"https:\/\/www.meublesmove.be\/nl\/wp-json\/wp\/v2\/product_brand?post=3468"},{"taxonomy":"product_cat","embeddable":true,"href":"https:\/\/www.meublesmove.be\/nl\/wp-json\/wp\/v2\/product_cat?post=3468"},{"taxonomy":"product_tag","embeddable":true,"href":"https:\/\/www.meublesmove.be\/nl\/wp-json\/wp\/v2\/product_tag?post=3468"},{"taxonomy":"product_material","embeddable":true,"href":"https:\/\/www.meublesmove.be\/nl\/wp-json\/wp\/v2\/product_material?post=3468"}],"curies":[{"name":"wp","href":"https:\/\/api.w.org\/{rel}","templated":true}]}}