{"id":765,"date":"2025-04-25T09:15:08","date_gmt":"2025-04-25T09:15:08","guid":{"rendered":"https:\/\/www.meublesmove.be\/?page_id=765"},"modified":"2025-08-22T13:32:43","modified_gmt":"2025-08-22T11:32:43","slug":"faqs","status":"publish","type":"page","link":"https:\/\/www.meublesmove.be\/nl\/faqs\/","title":{"rendered":"Veelgestelde vragen"},"content":{"rendered":"<div data-elementor-type=\"wp-page\" data-elementor-id=\"765\" class=\"elementor elementor-765\" data-elementor-post-type=\"page\">\n\t\t\t\t<div class=\"elementor-element elementor-element-2e79dad e-flex e-con-boxed e-con e-parent\" data-id=\"2e79dad\" data-element_type=\"container\" data-e-type=\"container\" data-settings=\"{&quot;background_background&quot;:&quot;classic&quot;}\">\n\t\t\t\t\t<div class=\"e-con-inner\">\n\t\t\t\t<div class=\"elementor-element elementor-element-c0247c9 elementor-widget elementor-widget-bt-page-breadcrumb\" data-id=\"c0247c9\" data-element_type=\"widget\" data-e-type=\"widget\" data-widget_type=\"bt-page-breadcrumb.default\">\n\t\t\t\t<div class=\"elementor-widget-container\">\n\t\t\t\t\t\t\t<div class=\"bt-elwg-page-breadcrumb\">\n\t\t\t<div class=\"bt-page-breadcrumb\">\n\t\t\t\t<a class=\"bt-home\" href=\"https:\/\/www.meublesmove.be\/nl\/\">Home<\/a> <span class=\"bt-deli first\">\/<\/span> <span class=\"current\">Pagina's<\/span>\t\t\t<\/div>\n\t\t<\/div>\n\t\t\t\t<\/div>\n\t\t\t\t<\/div>\n\t\t\t\t\t<\/div>\n\t\t\t\t<\/div>\n\t\t<div class=\"elementor-element elementor-element-5b476bc e-flex e-con-boxed e-con e-parent\" data-id=\"5b476bc\" data-element_type=\"container\" data-e-type=\"container\">\n\t\t\t\t\t<div class=\"e-con-inner\">\n\t\t\t\t<div class=\"elementor-element elementor-element-134cac5 elementor-widget elementor-widget-bt-heading-animation\" data-id=\"134cac5\" data-element_type=\"widget\" data-e-type=\"widget\" data-widget_type=\"bt-heading-animation.default\">\n\t\t\t\t<div class=\"elementor-widget-container\">\n\t\t\t\t\t\t\t<div class=\"bt-elwg-heading-animation\" data-animation=\"none\" data-delay=\"50\">\n\t\t\t<h3>\n\t\t\t\t\t\t\t<span class=\"bt-animation bt-heading-animation-js\">Hulp &amp; antwoorden\n<\/span>\t\t\t\n\t\t\t<\/h3>\t\t<\/div>\n\t\t\t\t<\/div>\n\t\t\t\t<\/div>\n\t\t\t\t<div class=\"elementor-element elementor-element-6e5f304 elementor-widget elementor-widget-bt-list-faq\" data-id=\"6e5f304\" data-element_type=\"widget\" data-e-type=\"widget\" data-widget_type=\"bt-list-faq.default\">\n\t\t\t\t<div class=\"elementor-widget-container\">\n\t\t\t\t\t        <div class=\"bt-elwg-list-faq--default\">\n            <div class=\"bt-elwg-list-faq-inner\">\n                                    <div class=\"item-faq\">\n                        <div class=\"item-faq-inner\">\n                            <div class=\"bt-item-title\">\n                                                                    <h3> Ik wil een bestelling plaatsen, kan dat via e-mail? <\/h3>\n                                                                <svg xmlns=\"http:\/\/www.w3.org\/2000\/svg\" class=\"plus\" width=\"18\" height=\"18\" viewbox=\"0 0 160 160\">\n                                    <rect class=\"vertical-line\" x=\"70\" width=\"15\" height=\"160\" rx=\"7\" ry=\"7\" \/>\n                                    <rect class=\"horizontal-line\" y=\"70\" width=\"160\" height=\"15\" rx=\"7\" ry=\"7\" \/>\n                                <\/svg>\n                            <\/div>\n                                                            <div class=\"bt-item-content\">\n                                    Nee, alle bestellingen moeten in de winkel worden geplaatst.\n                                <\/div>\n                                                    <\/div>\n                    <\/div>\n                                    <div class=\"item-faq\">\n                        <div class=\"item-faq-inner\">\n                            <div class=\"bt-item-title\">\n                                                                    <h3> Leveren jullie ook in Frankrijk? <\/h3>\n                                                                <svg xmlns=\"http:\/\/www.w3.org\/2000\/svg\" class=\"plus\" width=\"18\" height=\"18\" viewbox=\"0 0 160 160\">\n                                    <rect class=\"vertical-line\" x=\"70\" width=\"15\" height=\"160\" rx=\"7\" ry=\"7\" \/>\n                                    <rect class=\"horizontal-line\" y=\"70\" width=\"160\" height=\"15\" rx=\"7\" ry=\"7\" \/>\n                                <\/svg>\n                            <\/div>\n                                                            <div class=\"bt-item-content\">\n                                    Nee, wij leveren onze meubels alleen op Belgisch grondgebied.                                <\/div>\n                                                    <\/div>\n                    <\/div>\n                                    <div class=\"item-faq\">\n                        <div class=\"item-faq-inner\">\n                            <div class=\"bt-item-title\">\n                                                                    <h3> Is het mogelijk om afzonderlijke elementen te bestellen... zoals bijvoorbeeld een eetkamer? <\/h3>\n                                                                <svg xmlns=\"http:\/\/www.w3.org\/2000\/svg\" class=\"plus\" width=\"18\" height=\"18\" viewbox=\"0 0 160 160\">\n                                    <rect class=\"vertical-line\" x=\"70\" width=\"15\" height=\"160\" rx=\"7\" ry=\"7\" \/>\n                                    <rect class=\"horizontal-line\" y=\"70\" width=\"160\" height=\"15\" rx=\"7\" ry=\"7\" \/>\n                                <\/svg>\n                            <\/div>\n                                                            <div class=\"bt-item-content\">\n                                    Ja, de meeste van onze meubels kunnen apart worden besteld, behalve bepaalde artikelen. Zie details in de winkel.\n                                <\/div>\n                                                    <\/div>\n                    <\/div>\n                                    <div class=\"item-faq\">\n                        <div class=\"item-faq-inner\">\n                            <div class=\"bt-item-title\">\n                                                                    <h3> Zijn alle artikelen in de catalogus op voorraad? <\/h3>\n                                                                <svg xmlns=\"http:\/\/www.w3.org\/2000\/svg\" class=\"plus\" width=\"18\" height=\"18\" viewbox=\"0 0 160 160\">\n                                    <rect class=\"vertical-line\" x=\"70\" width=\"15\" height=\"160\" rx=\"7\" ry=\"7\" \/>\n                                    <rect class=\"horizontal-line\" y=\"70\" width=\"160\" height=\"15\" rx=\"7\" ry=\"7\" \/>\n                                <\/svg>\n                            <\/div>\n                                                            <div class=\"bt-item-content\">\n                                    Nee, de meeste meubels moeten worden besteld, maar bepaalde artikelen zijn afhankelijk van de periode uit voorraad leverbaar.                                <\/div>\n                                                    <\/div>\n                    <\/div>\n                                    <div class=\"item-faq\">\n                        <div class=\"item-faq-inner\">\n                            <div class=\"bt-item-title\">\n                                                                    <h3> Ik wil graag uw catalogus ontvangen, kunt u mij die toesturen? <\/h3>\n                                                                <svg xmlns=\"http:\/\/www.w3.org\/2000\/svg\" class=\"plus\" width=\"18\" height=\"18\" viewbox=\"0 0 160 160\">\n                                    <rect class=\"vertical-line\" x=\"70\" width=\"15\" height=\"160\" rx=\"7\" ry=\"7\" \/>\n                                    <rect class=\"horizontal-line\" y=\"70\" width=\"160\" height=\"15\" rx=\"7\" ry=\"7\" \/>\n                                <\/svg>\n                            <\/div>\n                                                            <div class=\"bt-item-content\">\n                                    Nee, want Move Interieur geeft geen catalogus uit (met of zonder prijslijst). De enige bestaande catalogus is die welke online op deze website te vinden is. We verspreiden echter bijna elke maand een folder met promoties, die te zien is op onze website op de promotiepagina.\n                                <\/div>\n                                                    <\/div>\n                    <\/div>\n                                    <div class=\"item-faq\">\n                        <div class=\"item-faq-inner\">\n                            <div class=\"bt-item-title\">\n                                                                    <h3> Zijn jullie op feestdagen geopend? <\/h3>\n                                                                <svg xmlns=\"http:\/\/www.w3.org\/2000\/svg\" class=\"plus\" width=\"18\" height=\"18\" viewbox=\"0 0 160 160\">\n                                    <rect class=\"vertical-line\" x=\"70\" width=\"15\" height=\"160\" rx=\"7\" ry=\"7\" \/>\n                                    <rect class=\"horizontal-line\" y=\"70\" width=\"160\" height=\"15\" rx=\"7\" ry=\"7\" \/>\n                                <\/svg>\n                            <\/div>\n                                                            <div class=\"bt-item-content\">\n                                    Ja, we zijn alle feestdagen van het jaar geopend (van 14.00 tot 18.30 uur), behalve op 25 december en 1 januari. *Tenzij anders vermeld.\n                                <\/div>\n                                                    <\/div>\n                    <\/div>\n                                    <div class=\"item-faq\">\n                        <div class=\"item-faq-inner\">\n                            <div class=\"bt-item-title\">\n                                                                    <h3>  Is het mogelijk om onze bestellingen op zondag af te halen? <\/h3>\n                                                                <svg xmlns=\"http:\/\/www.w3.org\/2000\/svg\" class=\"plus\" width=\"18\" height=\"18\" viewbox=\"0 0 160 160\">\n                                    <rect class=\"vertical-line\" x=\"70\" width=\"15\" height=\"160\" rx=\"7\" ry=\"7\" \/>\n                                    <rect class=\"horizontal-line\" y=\"70\" width=\"160\" height=\"15\" rx=\"7\" ry=\"7\" \/>\n                                <\/svg>\n                            <\/div>\n                                                            <div class=\"bt-item-content\">\n                                    Nee, er zijn geen afhalingen op zondag, woensdag (of feestdagen).\n                                <\/div>\n                                                    <\/div>\n                    <\/div>\n                                    <div class=\"item-faq\">\n                        <div class=\"item-faq-inner\">\n                            <div class=\"bt-item-title\">\n                                                                    <h3> Wat zijn de leveringstermijnen? <\/h3>\n                                                                <svg xmlns=\"http:\/\/www.w3.org\/2000\/svg\" class=\"plus\" width=\"18\" height=\"18\" viewbox=\"0 0 160 160\">\n                                    <rect class=\"vertical-line\" x=\"70\" width=\"15\" height=\"160\" rx=\"7\" ry=\"7\" \/>\n                                    <rect class=\"horizontal-line\" y=\"70\" width=\"160\" height=\"15\" rx=\"7\" ry=\"7\" \/>\n                                <\/svg>\n                            <\/div>\n                                                            <div class=\"bt-item-content\">\n                                    Ze vari\u00ebren afhankelijk van het bestelde artikel en vooral van de leverancier. Voor meer informatie over de levertijd van een specifiek artikel kunt u rechtstreeks contact opnemen met de winkel, hetzij telefonisch, hetzij door ter plaatse langs te gaan.\n                                <\/div>\n                                                    <\/div>\n                    <\/div>\n                                    <div class=\"item-faq\">\n                        <div class=\"item-faq-inner\">\n                            <div class=\"bt-item-title\">\n                                                                    <h3> Is de levering gratis? <\/h3>\n                                                                <svg xmlns=\"http:\/\/www.w3.org\/2000\/svg\" class=\"plus\" width=\"18\" height=\"18\" viewbox=\"0 0 160 160\">\n                                    <rect class=\"vertical-line\" x=\"70\" width=\"15\" height=\"160\" rx=\"7\" ry=\"7\" \/>\n                                    <rect class=\"horizontal-line\" y=\"70\" width=\"160\" height=\"15\" rx=\"7\" ry=\"7\" \/>\n                                <\/svg>\n                            <\/div>\n                                                            <div class=\"bt-item-content\">\n                                    Nee. Vast tarief op basis van afstand. Voor het tarief voor uw stad\/dorp kunt u contact met ons opnemen via e-mail of telefoon.\n                                <\/div>\n                                                    <\/div>\n                    <\/div>\n                                    <div class=\"item-faq\">\n                        <div class=\"item-faq-inner\">\n                            <div class=\"bt-item-title\">\n                                                                    <h3> Zou ik de afmetingen van dit artikel **** kunnen krijgen? <\/h3>\n                                                                <svg xmlns=\"http:\/\/www.w3.org\/2000\/svg\" class=\"plus\" width=\"18\" height=\"18\" viewbox=\"0 0 160 160\">\n                                    <rect class=\"vertical-line\" x=\"70\" width=\"15\" height=\"160\" rx=\"7\" ry=\"7\" \/>\n                                    <rect class=\"horizontal-line\" y=\"70\" width=\"160\" height=\"15\" rx=\"7\" ry=\"7\" \/>\n                                <\/svg>\n                            <\/div>\n                                                            <div class=\"bt-item-content\">\n                                    Als ze niet op de pagina van het specifieke artikel worden vermeld, betekent dit dat we niet over de volledige en nauwkeurige afmetingen beschikken. We geven alleen algemene informatie. Voor meer details dient u rechtstreeks contact op te nemen met de winkel.\n                                <\/div>\n                                                    <\/div>\n                    <\/div>\n                                    <div class=\"item-faq\">\n                        <div class=\"item-faq-inner\">\n                            <div class=\"bt-item-title\">\n                                                                    <h3> Biedt u een montagedienst aan? <\/h3>\n                                                                <svg xmlns=\"http:\/\/www.w3.org\/2000\/svg\" class=\"plus\" width=\"18\" height=\"18\" viewbox=\"0 0 160 160\">\n                                    <rect class=\"vertical-line\" x=\"70\" width=\"15\" height=\"160\" rx=\"7\" ry=\"7\" \/>\n                                    <rect class=\"horizontal-line\" y=\"70\" width=\"160\" height=\"15\" rx=\"7\" ry=\"7\" \/>\n                                <\/svg>\n                            <\/div>\n                                                            <div class=\"bt-item-content\">\n                                    Een montageservice voor uw meubels is optioneel beschikbaar. U hoeft dit alleen maar aan te geven bij het plaatsen van uw bestelling. De montage wordt uitgevoerd door een van onze monteurs, die speciaal hiervoor naar u toe komt. Voor de montage wordt een toeslag in rekening gebracht. Zie de details en voorwaarden in de winkel.\n                                <\/div>\n                                                    <\/div>\n                    <\/div>\n                                    <div class=\"item-faq\">\n                        <div class=\"item-faq-inner\">\n                            <div class=\"bt-item-title\">\n                                                                    <h3> Spontane sollicitatie <\/h3>\n                                                                <svg xmlns=\"http:\/\/www.w3.org\/2000\/svg\" class=\"plus\" width=\"18\" height=\"18\" viewbox=\"0 0 160 160\">\n                                    <rect class=\"vertical-line\" x=\"70\" width=\"15\" height=\"160\" rx=\"7\" ry=\"7\" \/>\n                                    <rect class=\"horizontal-line\" y=\"70\" width=\"160\" height=\"15\" rx=\"7\" ry=\"7\" \/>\n                                <\/svg>\n                            <\/div>\n                                                            <div class=\"bt-item-content\">\n                                    Vacatures worden altijd op onze website geplaatst. Daarom raden wij u af om ongevraagd te solliciteren. Als u dat toch wilt doen, kunt u uw sollicitatie (cv + motivatiebrief, uitsluitend in Word- of pdf-formaat) sturen naar het e-mailadres (met vermelding van het onderwerp van uw e-mail in de titel).\n                                <\/div>\n                                                    <\/div>\n                    <\/div>\n                            <\/div>\n        <\/div>\n\t\t\t\t<\/div>\n\t\t\t\t<\/div>\n\t\t\t\t\t<\/div>\n\t\t\t\t<\/div>\n\t\t\t\t<\/div>","protected":false},"excerpt":{"rendered":"<p>Home \/ Pagina&#8217;s Foire aux Questions Je d\u00e9sire passer une commande, est-il possible de le faire par email? Non, toute commande doit se faire en magasin. Livrez-vous en France? Non, nous livrons nos meubles que sur le territoire belge uniquement. Est-il possible de commander des \u00e9l\u00e9ments s\u00e9par\u00e9s&#8230; comme d&#039;une salle \u00e0 manger par exemple ? [&hellip;]<\/p>\n","protected":false},"author":1,"featured_media":0,"parent":0,"menu_order":0,"comment_status":"closed","ping_status":"closed","template":"elementor_header_footer","meta":{"_acf_changed":false,"footnotes":""},"class_list":["post-765","page","type-page","status-publish","hentry"],"acf":[],"aioseo_notices":[],"_links":{"self":[{"href":"https:\/\/www.meublesmove.be\/nl\/wp-json\/wp\/v2\/pages\/765","targetHints":{"allow":["GET"]}}],"collection":[{"href":"https:\/\/www.meublesmove.be\/nl\/wp-json\/wp\/v2\/pages"}],"about":[{"href":"https:\/\/www.meublesmove.be\/nl\/wp-json\/wp\/v2\/types\/page"}],"author":[{"embeddable":true,"href":"https:\/\/www.meublesmove.be\/nl\/wp-json\/wp\/v2\/users\/1"}],"replies":[{"embeddable":true,"href":"https:\/\/www.meublesmove.be\/nl\/wp-json\/wp\/v2\/comments?post=765"}],"version-history":[{"count":9,"href":"https:\/\/www.meublesmove.be\/nl\/wp-json\/wp\/v2\/pages\/765\/revisions"}],"predecessor-version":[{"id":3748,"href":"https:\/\/www.meublesmove.be\/nl\/wp-json\/wp\/v2\/pages\/765\/revisions\/3748"}],"wp:attachment":[{"href":"https:\/\/www.meublesmove.be\/nl\/wp-json\/wp\/v2\/media?parent=765"}],"curies":[{"name":"wp","href":"https:\/\/api.w.org\/{rel}","templated":true}]}}