{"id":3777,"date":"2025-08-20T12:16:39","date_gmt":"2025-08-20T10:16:39","guid":{"rendered":"https:\/\/www.meublesmove.be\/?page_id=3777"},"modified":"2025-08-22T13:36:31","modified_gmt":"2025-08-22T11:36:31","slug":"vie-privee","status":"publish","type":"page","link":"https:\/\/www.meublesmove.be\/nl\/vie-privee\/","title":{"rendered":"Privacy"},"content":{"rendered":"<div class=\"row\">\n<div class=\"row\">\n<div class=\"col-md-12\">\n<div class=\"hr-title hr-long center\"><abbr>Privacyverklaring &amp; AVG<\/abbr><\/div>\n<div class=\"row\">\n<div class=\"col-md-12\">\n<h3>1. algemeen<\/h3>\n<p>Dit charter heeft tot doel klanten en prospects te informeren over de voorwaarden waaronder Move Interieur hun persoonsgegevens verzamelt en verwerkt wanneer zij de website wwww.meublesmove.be gebruiken.<\/p>\n<p>1.1 Persoonsgegevens: alle informatie over een ge\u00efdentificeerde of direct of indirect identificeerbare persoon aan de hand van een identificatiemiddel zoals een naam, een identificatienummer, locatiegegevens of een online identificatiemiddel.<\/p>\n<p>1.2 Move Interieur: Jules BV, met maatschappelijke zetel te Bredeweg 4, 3700 Tongeren en ondernemingsnummer 0826.829.582, verantwoordelijk voor de verwerking van uw persoonsgegevens.<\/p>\n<p>1.3 Algemene verordening gegevensbescherming (AVG): vormt de Europese referentietekst op het gebied van de bescherming van persoonsgegevens. Deze verordening versterkt en harmoniseert de gegevensbescherming voor personen binnen de Europese Unie.<\/p>\n<\/div>\n<\/div>\n<div class=\"row\">\n<div class=\"col-md-12\">\n<h3>2 \u2013 PERSOONSGEGEVENS<\/h3>\n<p>Move interieur kan uw persoonsgegevens verwerken omdat u de website van Meubles Lambermont gebruikt en\/of omdat u een e-mail met uw persoonsgegevens hebt gestuurd. Move interieur kan de volgende persoonsgegevens verwerken:<\/p>\n<p>\u2022 uw naam en voornaam<br \/>\n\u2022 uw contactgegevens<br \/>\n\u2022 uw telefoonnummer<br \/>\n\u2022 uw e-mailadres<\/p>\n<\/div>\n<\/div>\n<div class=\"row\">\n<div class=\"col-md-12\">\n<h3>3 \u2013 ONTVANGERS VAN PERSOONSGEGEVEN<\/h3>\n<p>Deze verordening beschermt de fundamentele vrijheden en rechten van natuurlijke personen, en in het bijzonder hun recht op bescherming van persoonsgegevens. Move Int\u00e9rieur erkent dit recht en doet het nodige om dit recht in de praktijk te brengen. Move Int\u00e9rieur verzamelt via haar website op verschillende manieren en voor verschillende doeleinden persoonsgegevens:<\/p>\n<p>\u2022 Wanneer u ons een e-mail stuurt: om telefonisch contact met u op te nemen indien u dat wenst, en\/of om per e-mail contact met u op te nemen indien u niet telefonisch bereikbaar bent.<\/p>\n<p>\u2022 Cookies en andere trackingtechnologie\u00ebn: om bepaalde informatie te verzamelen wanneer u de website www.meublesmove.be bezoekt. Bijvoorbeeld om statistieken op te stellen over bezoekers, frequentie, aantallen, enz.<\/p>\n<\/div>\n<\/div>\n<div class=\"row\">\n<div class=\"col-md-12\">\n<h3>4 \u2013 RECHTEN VAN DE INTERNETGEBRUIKER<\/h3>\n<p>Volgens de AVG heeft elke internetgebruiker recht op informatie, recht op toegang, recht op rectificatie, aanvulling, bijwerking, vergrendeling of verwijdering van zijn persoonsgegevens en, om legitieme redenen, recht om zich te verzetten tegen de verwerking ervan.<\/p>\n<p>Om deze rechten uit te oefenen, kan de internetgebruiker per e-mail contact opnemen met Move Interieur op het volgende adres: move.interieur@skynet.be<\/p>\n<h5>Recht op informatie (art. 12 AVG)<\/h5>\n<p>Iedereen die zijn identiteit kan aantonen, heeft het recht om, onder de voorwaarden bepaald door de wet, informatie te verkrijgen. Move Interieur moet u laten weten dat zij uw persoonsgegevens verwerken. Uw persoonsgegevens mogen niet zonder uw medeweten worden verwerkt.<\/p>\n<h5>Recht op inzage (art. 15 AVG)<\/h5>\n<p>De betrokkene heeft het recht om van de verwerkingsverantwoordelijke bevestiging te krijgen dat al dan niet persoonsgegevens over hem worden verwerkt en, indien dit het geval is, toegang te krijgen tot deze persoonsgegevens. De verwerkingsverantwoordelijke verstrekt een kopie van de persoonsgegevens die worden verwerkt. De voor de verwerking verantwoordelijke kan een redelijke vergoeding op basis van de administratieve kosten vragen voor elke extra kopie die de betrokkene vraagt. Wanneer de betrokkene zijn verzoek elektronisch indient, wordt de informatie in een gangbare elektronische vorm verstrekt, tenzij de betrokkene anders verzoekt.<\/p>\n<h5>Recht op rectificatie (art. 16 AVG)<\/h5>\n<p>De betrokkene heeft het recht om van de verwerkingsverantwoordelijke zo spoedig mogelijk rectificatie te verkrijgen van onjuiste persoonsgegevens die op hem betrekking hebben. Rekening houdend met de doeleinden van de verwerking heeft de betrokkene het recht om onvolledige persoonsgegevens te laten aanvullen, onder meer door een aanvullende verklaring te verstrekken.<\/p>\n<h5>Recht om te worden vergeten (art. 17 AVG)<\/h5>\n<p>De betrokkene heeft het recht om van de verwerkingsverantwoordelijke te verkrijgen dat zijn persoonsgegevens zo spoedig mogelijk worden gewist, en de verwerkingsverantwoordelijke is verplicht deze persoonsgegevens zo spoedig mogelijk te wissen.<\/p>\n<h5>Recht op beperking van de verwerking (art. 18 AVG)<\/h5>\n<p>De betrokkene heeft het recht om van de verwerkingsverantwoordelijke beperking van de verwerking te verkrijgen. U kunt dit doen door contact met ons op te nemen.<\/p>\n<h5>Recht op gegevensoverdracht (art. 20 AVG)<\/h5>\n<p>De betrokkenen hebben het recht om de persoonsgegevens die zij aan een verwerkingsverantwoordelijke hebben verstrekt, in een gestructureerde, gangbare en machinaal leesbare vorm te ontvangen en hebben het recht om deze gegevens aan een andere verwerkingsverantwoordelijke door te geven zonder dat de verwerkingsverantwoordelijke aan wie de persoonsgegevens zijn verstrekt, dit verhindert.<\/p>\n<h5>Recht van bezwaar (art. 21 AVG)<\/h5>\n<p>De betrokkene heeft het recht om op elk moment, om redenen die verband houden met zijn specifieke situatie, bezwaar te maken tegen de verwerking van zijn persoonsgegevens op grond van artikel 6, lid 1, onder e) of f), met inbegrip van profilering op basis van deze bepalingen. De verwerkingsverantwoordelijke verwerkt de persoonsgegevens niet langer, tenzij hij aantoont dat er dwingende gerechtvaardigde gronden voor de verwerking zijn die zwaarder wegen dan de belangen en de rechten en vrijheden van de betrokkene, of die verband houden met de vaststelling, uitoefening of verdediging van rechtsvorderingen.<\/p>\n<\/div>\n<\/div>\n<div class=\"row\">\n<div class=\"col-md-12\">\n<h3>5 \u2013 COOKIES OP DE WEBSITE<\/h3>\n<p>Cookies zijn kleine gegevens- of tekstbestanden die door websites of applicaties op uw lokale computer worden geplaatst. Dergelijke cookies kunnen verschillende doeleinden dienen. Door onze website te gebruiken, gaat u akkoord met het gebruik van cookies. Cookies helpen Move Interieur om uw bezoek aan haar website te optimaliseren.<\/p>\n<p>Wij gebruiken cookies om uw bezoek aan onze website te verbeteren. De cookies die wij gebruiken zijn veilig. De informatie die wij met behulp van cookies verzamelen, helpt ons om eventuele fouten op onze website op te sporen of om u specifieke en gepersonaliseerde diensten aan te bieden waarvan wij denken dat ze u kunnen interesser<\/p>\n<p>Op onze website gebruiken we de volgende cookies:<\/p>\n<p>\u2022 Cookies voor het meten van bezoekersaantallen<\/p>\n<p>Deze cookies stellen ons in staat om het gebruik en de prestaties van onze website te kennen, statistieken op te stellen over het aantal bezoekers en het gebruik van de verschillende elementen van onze websites (bezochte inhoud, parcours). Deze cookies stellen ons in staat om de interesse en de ergonomie van onze diensten te verbeteren. Met deze cookies kunnen we bezoeken en verkeer volgen, zodat we de prestaties van onze website kunnen meten en verbeteren. Ze helpen ons te achterhalen welke pagina's het populairst zijn en hoe bezoekers zich op de website bewegen.<\/p>\n<p>\u2022 Functionele cookies<\/p>\n<p>Deze cookies zijn niet essentieel voor het browsen op onze website, maar zorgen ervoor dat deze optimaal functioneert. Deze cookies maken het ook mogelijk om de weergave van onze websites aan te passen aan de weergavevoorkeuren van uw apparaat. Deze cookies zorgen ervoor dat u soepel en op maat kunt browsen.<\/p>\n<p>\u2022 Tracking cookies<\/p>\n<p>Deze cookies registreren (anonieme) analytische informatie over hoe u de website bezoekt, met als doel de website en de gebruikerservaring te verbeteren, maar ook om gerichtere advertenties te kunnen tonen.<\/p>\n<\/div>\n<\/div>\n<div class=\"row\">\n<div class=\"col-md-12\">\n<h3>6 \u2013 COOKIES ACCEPTEREN OF WEIGEREN<\/h3>\n<p>U kunt het plaatsen van cookies op elk moment accepteren of weigeren door: \u2013 uw browser zo in te stellen dat cookies worden uitgeschakeld of geaccepteerd, \u2013 uw browser zo in te stellen dat u wordt gewaarschuwd wanneer er cookies worden geplaatst, zodat u deze specifiek kunt accepteren of weigeren. Als u cookies weigert, is het mogelijk dat u geen toegang krijgt tot bepaalde functies van de website.<\/p>\n<h5>Meer informatie over cookies:<\/h5>\n<p>Op de website http:\/\/www.allaboutcookies.org\/ vindt u meer informatie over hoe cookies werken.<\/p>\n<p>Als u op enig moment van mening bent dat wij uw privacy niet respecteren, stuur ons dan een brief of e-mail (move.interieur@skynet.be). Wij zullen er alles aan doen om het probleem op te sporen en op te lossen.<\/p>\n<p>Tot slot willen we u erop wijzen dat Jules sprl dit gegevensbeschermingsbeleid van tijd tot tijd kan aanpassen. We raden u daarom aan dit document regelmatig te raadplegen.<\/p>\n<p>Laatste wijziging \u2013 30\/12\/2018<\/p>\n<\/div>\n<\/div>\n<\/div>\n<\/div>\n<\/div>","protected":false},"excerpt":{"rendered":"<p>Charte de protection de la vie prive &amp; RGPD 1. g\u00e9n\u00e9ral La pr\u00e9sente Charte a pour objectif d\u2019informer les clients et prospects des conditions dans lesquelles Move Interieur collecte et traite leurs donn\u00e9es \u00e0 caract\u00e8re personnel lorsqu\u2019ils utilisent le site wwww.meublesmove.be. 1.1 Donn\u00e9es \u00e0 caract\u00e8re personnel : toute information relative \u00e0 une personne identifi\u00e9e ou [&hellip;]<\/p>\n","protected":false},"author":1,"featured_media":0,"parent":0,"menu_order":0,"comment_status":"closed","ping_status":"open","template":"","meta":{"_acf_changed":false,"footnotes":""},"class_list":["post-3777","page","type-page","status-publish","hentry"],"acf":[],"aioseo_notices":[],"_links":{"self":[{"href":"https:\/\/www.meublesmove.be\/nl\/wp-json\/wp\/v2\/pages\/3777","targetHints":{"allow":["GET"]}}],"collection":[{"href":"https:\/\/www.meublesmove.be\/nl\/wp-json\/wp\/v2\/pages"}],"about":[{"href":"https:\/\/www.meublesmove.be\/nl\/wp-json\/wp\/v2\/types\/page"}],"author":[{"embeddable":true,"href":"https:\/\/www.meublesmove.be\/nl\/wp-json\/wp\/v2\/users\/1"}],"replies":[{"embeddable":true,"href":"https:\/\/www.meublesmove.be\/nl\/wp-json\/wp\/v2\/comments?post=3777"}],"version-history":[{"count":1,"href":"https:\/\/www.meublesmove.be\/nl\/wp-json\/wp\/v2\/pages\/3777\/revisions"}],"predecessor-version":[{"id":3778,"href":"https:\/\/www.meublesmove.be\/nl\/wp-json\/wp\/v2\/pages\/3777\/revisions\/3778"}],"wp:attachment":[{"href":"https:\/\/www.meublesmove.be\/nl\/wp-json\/wp\/v2\/media?parent=3777"}],"curies":[{"name":"wp","href":"https:\/\/api.w.org\/{rel}","templated":true}]}}