{"id":3773,"date":"2025-08-20T12:15:04","date_gmt":"2025-08-20T10:15:04","guid":{"rendered":"https:\/\/www.meublesmove.be\/?page_id=3773"},"modified":"2025-08-22T13:34:12","modified_gmt":"2025-08-22T11:34:12","slug":"mentions-legales","status":"publish","type":"page","link":"https:\/\/www.meublesmove.be\/nl\/mentions-legales\/","title":{"rendered":"Wettelijke vermeldingen"},"content":{"rendered":"<div class=\"row\">\n<div class=\"row\">\n<div class=\"col-md-12\">\n<h5>Voorwoord<\/h5>\n<p>Deze wettelijke informatie is van toepassing op alle personen die de website van Move Interieur in Waremme bezoeken: www.meublesmove.be<\/p>\n<\/div>\n<\/div>\n<div class=\"col-md-12\">\n<h5>Toepassingsgebieden<\/h5>\n<p>Het gebruik van de website www.meublesmove.be is onderworpen aan de naleving van onze\u00a0<span class=\"text-bold\">algemene verkoopvoorwaarden<\/span>\u00a0evenals onze\u00a0<span class=\"text-bold\">privacyverklaring<\/span>\u00a0en dit document moet samen met de twee bovengenoemde documenten worden gelezen. Door deze website te bezoeken, verklaart u kennis te hebben genomen van deze algemene gebruiksvoorwaarden en deze zonder enig voorbehoud te aanvaarden. De gebruiker garandeert dat hij www.meublesmove.be en de aangeboden diensten niet voor illegale doeleinden zal gebruiken en verbindt zich ertoe de geldende nationale en internationale wetten en voorschriften na te leven. De gebruiker is als enige verantwoordelijk voor schade die hij aan www.meublesmove.be of aan derden toebrengt door oneigenlijk gebruik van de website en de aangeboden diensten. In geval van schending door de gebruiker van deze wettelijke en contractuele verplichtingen, behoudt Jules sprl zich het recht voor om alle nodige wettelijke en gerechtelijke stappen te ondernemen om een einde te maken aan deze schending.<\/p>\n<\/div>\n<\/div>\n<div class=\"row\">\n<div class=\"col-md-12\">\n<h5>Intellectuele eigendomsrechten<\/h5>\n<p>De volledige website, met inbegrip van de architectuur, het ontwerp, de presentatie van advertenties, de interface, de benaming en de domeinnaam, is het exclusieve eigendom van Jules sprl. De elementen die op de website worden gepubliceerd, met inbegrip van logo's, geregistreerde merken, teksten, foto's, afbeeldingen, tekeningen, modellen of tabellen, zijn werken die worden beschermd door intellectuele eigendomsrechten of persoonsrechten. De reproductie of weergave, geheel of gedeeltelijk, van deze website is daarom verboden zonder de uitdrukkelijke en voorafgaande toestemming van de houders van deze rechten en zou een inbreuk vormen die wordt bestraft door de bepalingen van het Wetboek van intellectuele eigendom en\/of een onrechtmatige daad die de civielrechtelijke aansprakelijkheid van de overtreders van de bovengenoemde rechten met zich meebrengt.<\/p>\n<\/div>\n<\/div>\n<div class=\"row\">\n<div class=\"col-md-12\">\n<h5>Verantwoordelijkheid<\/h5>\n<p>Jules BV streeft ernaar volledige, nauwkeurige en actuele informatie te verstrekken.<br \/>\nDe gegevens van haar leveranciers kunnen echter veranderen zonder dat Jules BV hiervan op de hoogte wordt gesteld. Bijgevolg kan Jules BV in geen geval aansprakelijk worden gesteld indien de aangeboden informatie onjuist blijkt te zijn.<br \/>\nDe afbeeldingen op de website kunnen afwijken van de indeling in onze showroom en zijn daarom niet altijd representatief.<\/p>\n<p>Laatste wijziging \u2013 30\/12\/2018<\/p>\n<\/div>\n<\/div>","protected":false},"excerpt":{"rendered":"<p>Avant- Propos Les pr\u00e9sentes informations l\u00e9gales concernent toutes les personnes visitant le site Internet de Move Interieur \u00e0 Waremme : www.meublesmove.be Champs d&#8217;application L&#8217;utilisation du site www.meublesmove.be est soumise au respect de nos\u00a0conditions g\u00e9n\u00e9rales de vente\u00a0ainsi que de notre\u00a0charte de respect de la vie priv\u00e9e\u00a0et le pr\u00e9sent document doit \u00eatre consid\u00e9r\u00e9 conjointement avec les deux [&hellip;]<\/p>\n","protected":false},"author":1,"featured_media":0,"parent":0,"menu_order":0,"comment_status":"closed","ping_status":"open","template":"","meta":{"_acf_changed":false,"footnotes":""},"class_list":["post-3773","page","type-page","status-publish","hentry"],"acf":[],"aioseo_notices":[],"_links":{"self":[{"href":"https:\/\/www.meublesmove.be\/nl\/wp-json\/wp\/v2\/pages\/3773","targetHints":{"allow":["GET"]}}],"collection":[{"href":"https:\/\/www.meublesmove.be\/nl\/wp-json\/wp\/v2\/pages"}],"about":[{"href":"https:\/\/www.meublesmove.be\/nl\/wp-json\/wp\/v2\/types\/page"}],"author":[{"embeddable":true,"href":"https:\/\/www.meublesmove.be\/nl\/wp-json\/wp\/v2\/users\/1"}],"replies":[{"embeddable":true,"href":"https:\/\/www.meublesmove.be\/nl\/wp-json\/wp\/v2\/comments?post=3773"}],"version-history":[{"count":1,"href":"https:\/\/www.meublesmove.be\/nl\/wp-json\/wp\/v2\/pages\/3773\/revisions"}],"predecessor-version":[{"id":3774,"href":"https:\/\/www.meublesmove.be\/nl\/wp-json\/wp\/v2\/pages\/3773\/revisions\/3774"}],"wp:attachment":[{"href":"https:\/\/www.meublesmove.be\/nl\/wp-json\/wp\/v2\/media?parent=3773"}],"curies":[{"name":"wp","href":"https:\/\/api.w.org\/{rel}","templated":true}]}}