{"id":2,"date":"2025-03-13T01:05:00","date_gmt":"2025-03-13T01:05:00","guid":{"rendered":"https:\/\/www.meublesmove.be\/?page_id=2"},"modified":"2025-08-22T13:29:14","modified_gmt":"2025-08-22T11:29:14","slug":"a-propos","status":"publish","type":"page","link":"https:\/\/www.meublesmove.be\/nl\/a-propos\/","title":{"rendered":"Over ons"},"content":{"rendered":"<h5>Over onze winkel<\/h5>\n<p>De meubelzaak Move Interieur in Waremme opende zijn deuren in april 2009. Wat een lange weg hebben we afgelegd!<\/p>\n<p>Het ligt aan een grote weg en beschikt over een grote parkeerplaats voor klanten, waardoor het ideaal gelegen is.<\/p>\n<p>De winkel is opgericht door een jong koppel dat van meubels en decoratie zijn grootste passies heeft gemaakt. De winkel ligt op de taalgrens en het personeel verwelkomt u en adviseert u zonder problemen in het Frans en het Nederlands. De 2000 m\u00b2 grote tentoonstellingsruimte van de winkel, verdeeld over 2 verdiepingen, is volledig opnieuw ontworpen en ingericht om de klanten maximaal comfort te bieden.<\/p>\n<p>U kunt op uw gemak rondwandelen en onze meubels bewonderen, die zijn onderverdeeld in verschillende thematische ruimtes, zoals salons, eetkamers, slaapkamers, decoratieartikelen en diverse meubels voor de keuken. De salons, meubels, artikelen en decoratieartikelen die in de winkel worden tentoongesteld, zijn zorgvuldig gekozen uit trendy en avant-gardistische meubels en tijdloze klassiekers.<\/p>\n<p>Wij bieden meubels van diverse en gevarieerde herkomst, waaronder Itali\u00eb, Duitsland, Frankrijk en Azi\u00eb, en natuurlijk ook Belgische meubels, waarvan de uitstekende reputatie tot ver buiten onze grenzen reikt.<\/p>\n<p>Onze collecties worden regelmatig vernieuwd, we volgen de laatste trends en modes op de voet en besteden bijzondere aandacht aan het selecteren van kwaliteitsmeubelen.<\/p>","protected":false},"excerpt":{"rendered":"<p>A propos de notre magasin Le magasin de meubles Move Interieur \u00e0 Waremme a ouvert ses portes en avril 2009. Que de chemin parcouru ! Plac\u00e9 le long d\u2019une grande chauss\u00e9e et pourvu d\u2019un grand parking pour la client\u00e8le, il est id\u00e9alement situ\u00e9. Le magasin a \u00e9t\u00e9 cr\u00e9\u00e9 par un jeune couple qui a fait [&hellip;]<\/p>\n","protected":false},"author":1,"featured_media":0,"parent":0,"menu_order":0,"comment_status":"closed","ping_status":"open","template":"","meta":{"_acf_changed":false,"footnotes":""},"class_list":["post-2","page","type-page","status-publish","hentry"],"acf":[],"aioseo_notices":[],"_links":{"self":[{"href":"https:\/\/www.meublesmove.be\/nl\/wp-json\/wp\/v2\/pages\/2","targetHints":{"allow":["GET"]}}],"collection":[{"href":"https:\/\/www.meublesmove.be\/nl\/wp-json\/wp\/v2\/pages"}],"about":[{"href":"https:\/\/www.meublesmove.be\/nl\/wp-json\/wp\/v2\/types\/page"}],"author":[{"embeddable":true,"href":"https:\/\/www.meublesmove.be\/nl\/wp-json\/wp\/v2\/users\/1"}],"replies":[{"embeddable":true,"href":"https:\/\/www.meublesmove.be\/nl\/wp-json\/wp\/v2\/comments?post=2"}],"version-history":[{"count":4,"href":"https:\/\/www.meublesmove.be\/nl\/wp-json\/wp\/v2\/pages\/2\/revisions"}],"predecessor-version":[{"id":3261,"href":"https:\/\/www.meublesmove.be\/nl\/wp-json\/wp\/v2\/pages\/2\/revisions\/3261"}],"wp:attachment":[{"href":"https:\/\/www.meublesmove.be\/nl\/wp-json\/wp\/v2\/media?parent=2"}],"curies":[{"name":"wp","href":"https:\/\/api.w.org\/{rel}","templated":true}]}}