{"id":1679,"date":"2025-05-14T04:13:01","date_gmt":"2025-05-14T04:13:01","guid":{"rendered":"https:\/\/www.meublesmove.be\/?page_id=1679"},"modified":"2025-10-08T09:49:47","modified_gmt":"2025-10-08T07:49:47","slug":"notre-assortiment","status":"publish","type":"page","link":"https:\/\/www.meublesmove.be\/nl\/notre-assortiment\/","title":{"rendered":"Ons assortiment"},"content":{"rendered":"<div data-elementor-type=\"wp-page\" data-elementor-id=\"1679\" class=\"elementor elementor-1679\" data-elementor-post-type=\"page\">\n\t\t\t\t<div class=\"elementor-element elementor-element-c633c5b e-flex e-con-boxed e-con e-parent\" data-id=\"c633c5b\" data-element_type=\"container\" data-e-type=\"container\" data-settings=\"{&quot;background_background&quot;:&quot;classic&quot;}\">\n\t\t\t\t\t<div class=\"e-con-inner\">\n\t\t\t\t<div class=\"elementor-element elementor-element-d635cff elementor-widget elementor-widget-bt-page-breadcrumb\" data-id=\"d635cff\" data-element_type=\"widget\" data-e-type=\"widget\" data-widget_type=\"bt-page-breadcrumb.default\">\n\t\t\t\t<div class=\"elementor-widget-container\">\n\t\t\t\t\t\t\t<div class=\"bt-elwg-page-breadcrumb\">\n\t\t\t<div class=\"bt-page-breadcrumb\">\n\t\t\t\t<a class=\"bt-home\" href=\"https:\/\/www.meublesmove.be\/nl\/\">Home<\/a> <span class=\"bt-deli first\">\/<\/span> <span class=\"current\">Pagina's<\/span>\t\t\t<\/div>\n\t\t<\/div>\n\t\t\t\t<\/div>\n\t\t\t\t<\/div>\n\t\t\t\t\t<\/div>\n\t\t\t\t<\/div>\n\t\t<div class=\"elementor-element elementor-element-3ead712 e-flex e-con-boxed e-con e-parent\" data-id=\"3ead712\" data-element_type=\"container\" data-e-type=\"container\">\n\t\t\t\t\t<div class=\"e-con-inner\">\n\t\t\t\t<div class=\"elementor-element elementor-element-ff11712 elementor-grid-tablet-3 elementor-grid-mobile-2 elementor-grid-3 elementor-widget elementor-widget-bt-product-category\" data-id=\"ff11712\" data-element_type=\"widget\" data-e-type=\"widget\" data-widget_type=\"bt-product-category.default\">\n\t\t\t\t<div class=\"elementor-widget-container\">\n\t\t\t\t\t\t\t\t<div class=\"bt-elwg-product-category--default\">\n\t\t\t\t<div class=\"bt-product-category\">\n\t\t\t\t\t<div class=\"bt-product-category--item\">\n    <a class=\"bt-product-category--inner\" href=\"https:\/\/www.meublesmove.be\/nl\/catalogue\/?product_cat=salon\">\n        <div class=\"bt-product-category--thumb\">\n            <div class=\"bt-cover-image\">\n                <img fetchpriority=\"high\" decoding=\"async\" width=\"768\" height=\"512\" src=\"https:\/\/www.meublesmove.be\/wp-content\/uploads\/2025\/08\/Jordan-25RR-2s-fixed-qatar-Beige-1-768x512.jpg\" class=\"attachment-medium_large size-medium_large\" alt=\"\" srcset=\"https:\/\/www.meublesmove.be\/wp-content\/uploads\/2025\/08\/Jordan-25RR-2s-fixed-qatar-Beige-1-768x512.jpg 768w, https:\/\/www.meublesmove.be\/wp-content\/uploads\/2025\/08\/Jordan-25RR-2s-fixed-qatar-Beige-1-300x200.jpg 300w, https:\/\/www.meublesmove.be\/wp-content\/uploads\/2025\/08\/Jordan-25RR-2s-fixed-qatar-Beige-1-1024x682.jpg 1024w, https:\/\/www.meublesmove.be\/wp-content\/uploads\/2025\/08\/Jordan-25RR-2s-fixed-qatar-Beige-1-1200x800.jpg 1200w, https:\/\/www.meublesmove.be\/wp-content\/uploads\/2025\/08\/Jordan-25RR-2s-fixed-qatar-Beige-1.jpg 1280w\" sizes=\"(max-width: 768px) 100vw, 768px\" \/>            <\/div>\n        <\/div>\n        <h3 class=\"bt-product-category--name\">\n            <span>Salon<\/span>\n            <svg xmlns=\"http:\/\/www.w3.org\/2000\/svg\" width=\"24\" height=\"24\" viewbox=\"0 0 24 24\" fill=\"currentColor\">\n                <path d=\"M20.7806 12.531L14.0306 19.281C13.8899 19.4218 13.699 19.5008 13.5 19.5008C13.301 19.5008 13.1101 19.4218 12.9694 19.281C12.8286 19.1403 12.7496 18.9494 12.7496 18.7504C12.7496 18.5514 12.8286 18.3605 12.9694 18.2198L18.4397 12.7504H3.75C3.55109 12.7504 3.36032 12.6714 3.21967 12.5307C3.07902 12.3901 3 12.1993 3 12.0004C3 11.8015 3.07902 11.6107 3.21967 11.4701C3.36032 11.3294 3.55109 11.2504 3.75 11.2504H18.4397L12.9694 5.78104C12.8286 5.64031 12.7496 5.44944 12.7496 5.25042C12.7496 5.05139 12.8286 4.86052 12.9694 4.71979C13.1101 4.57906 13.301 4.5 13.5 4.5C13.699 4.5 13.8899 4.57906 14.0306 4.71979L20.7806 11.4698C20.8504 11.5394 20.9057 11.6222 20.9434 11.7132C20.9812 11.8043 21.0006 11.9019 21.0006 12.0004C21.0006 12.099 20.9812 12.1966 20.9434 12.2876C20.9057 12.3787 20.8504 12.4614 20.7806 12.531Z\" \/>\n            <\/svg>\n        <\/h3>\n    <\/a>\n<\/div><div class=\"bt-product-category--item\">\n    <a class=\"bt-product-category--inner\" href=\"https:\/\/www.meublesmove.be\/nl\/catalogue\/?product_cat=salle-a-manger\">\n        <div class=\"bt-product-category--thumb\">\n            <div class=\"bt-cover-image\">\n                <img decoding=\"async\" width=\"600\" height=\"400\" src=\"https:\/\/www.meublesmove.be\/wp-content\/uploads\/2025\/08\/11_sam_marnix.webp\" class=\"attachment-medium_large size-medium_large\" alt=\"\" srcset=\"https:\/\/www.meublesmove.be\/wp-content\/uploads\/2025\/08\/11_sam_marnix.webp 600w, https:\/\/www.meublesmove.be\/wp-content\/uploads\/2025\/08\/11_sam_marnix-300x200.webp 300w\" sizes=\"(max-width: 600px) 100vw, 600px\" \/>            <\/div>\n        <\/div>\n        <h3 class=\"bt-product-category--name\">\n            <span>Eetkamer<\/span>\n            <svg xmlns=\"http:\/\/www.w3.org\/2000\/svg\" width=\"24\" height=\"24\" viewbox=\"0 0 24 24\" fill=\"currentColor\">\n                <path d=\"M20.7806 12.531L14.0306 19.281C13.8899 19.4218 13.699 19.5008 13.5 19.5008C13.301 19.5008 13.1101 19.4218 12.9694 19.281C12.8286 19.1403 12.7496 18.9494 12.7496 18.7504C12.7496 18.5514 12.8286 18.3605 12.9694 18.2198L18.4397 12.7504H3.75C3.55109 12.7504 3.36032 12.6714 3.21967 12.5307C3.07902 12.3901 3 12.1993 3 12.0004C3 11.8015 3.07902 11.6107 3.21967 11.4701C3.36032 11.3294 3.55109 11.2504 3.75 11.2504H18.4397L12.9694 5.78104C12.8286 5.64031 12.7496 5.44944 12.7496 5.25042C12.7496 5.05139 12.8286 4.86052 12.9694 4.71979C13.1101 4.57906 13.301 4.5 13.5 4.5C13.699 4.5 13.8899 4.57906 14.0306 4.71979L20.7806 11.4698C20.8504 11.5394 20.9057 11.6222 20.9434 11.7132C20.9812 11.8043 21.0006 11.9019 21.0006 12.0004C21.0006 12.099 20.9812 12.1966 20.9434 12.2876C20.9057 12.3787 20.8504 12.4614 20.7806 12.531Z\" \/>\n            <\/svg>\n        <\/h3>\n    <\/a>\n<\/div><div class=\"bt-product-category--item\">\n    <a class=\"bt-product-category--inner\" href=\"https:\/\/www.meublesmove.be\/nl\/catalogue\/?product_cat=mobilier-de-sejour\">\n        <div class=\"bt-product-category--thumb\">\n            <div class=\"bt-cover-image\">\n                <img decoding=\"async\" width=\"600\" height=\"400\" src=\"https:\/\/www.meublesmove.be\/wp-content\/uploads\/2025\/08\/sejour_etienne.webp\" class=\"attachment-medium_large size-medium_large\" alt=\"\" srcset=\"https:\/\/www.meublesmove.be\/wp-content\/uploads\/2025\/08\/sejour_etienne.webp 600w, https:\/\/www.meublesmove.be\/wp-content\/uploads\/2025\/08\/sejour_etienne-300x200.webp 300w\" sizes=\"(max-width: 600px) 100vw, 600px\" \/>            <\/div>\n        <\/div>\n        <h3 class=\"bt-product-category--name\">\n            <span>Woonkamermeubilair<\/span>\n            <svg xmlns=\"http:\/\/www.w3.org\/2000\/svg\" width=\"24\" height=\"24\" viewbox=\"0 0 24 24\" fill=\"currentColor\">\n                <path d=\"M20.7806 12.531L14.0306 19.281C13.8899 19.4218 13.699 19.5008 13.5 19.5008C13.301 19.5008 13.1101 19.4218 12.9694 19.281C12.8286 19.1403 12.7496 18.9494 12.7496 18.7504C12.7496 18.5514 12.8286 18.3605 12.9694 18.2198L18.4397 12.7504H3.75C3.55109 12.7504 3.36032 12.6714 3.21967 12.5307C3.07902 12.3901 3 12.1993 3 12.0004C3 11.8015 3.07902 11.6107 3.21967 11.4701C3.36032 11.3294 3.55109 11.2504 3.75 11.2504H18.4397L12.9694 5.78104C12.8286 5.64031 12.7496 5.44944 12.7496 5.25042C12.7496 5.05139 12.8286 4.86052 12.9694 4.71979C13.1101 4.57906 13.301 4.5 13.5 4.5C13.699 4.5 13.8899 4.57906 14.0306 4.71979L20.7806 11.4698C20.8504 11.5394 20.9057 11.6222 20.9434 11.7132C20.9812 11.8043 21.0006 11.9019 21.0006 12.0004C21.0006 12.099 20.9812 12.1966 20.9434 12.2876C20.9057 12.3787 20.8504 12.4614 20.7806 12.531Z\" \/>\n            <\/svg>\n        <\/h3>\n    <\/a>\n<\/div><div class=\"bt-product-category--item\">\n    <a class=\"bt-product-category--inner\" href=\"https:\/\/www.meublesmove.be\/nl\/catalogue\/?product_cat=chaise-et-table\">\n        <div class=\"bt-product-category--thumb\">\n            <div class=\"bt-cover-image\">\n                <img loading=\"lazy\" decoding=\"async\" width=\"600\" height=\"400\" src=\"https:\/\/www.meublesmove.be\/wp-content\/uploads\/2025\/08\/21_table_victoria.webp\" class=\"attachment-medium_large size-medium_large\" alt=\"\" srcset=\"https:\/\/www.meublesmove.be\/wp-content\/uploads\/2025\/08\/21_table_victoria.webp 600w, https:\/\/www.meublesmove.be\/wp-content\/uploads\/2025\/08\/21_table_victoria-300x200.webp 300w\" sizes=\"(max-width: 600px) 100vw, 600px\" \/>            <\/div>\n        <\/div>\n        <h3 class=\"bt-product-category--name\">\n            <span>Tafels en Stoelen<\/span>\n            <svg xmlns=\"http:\/\/www.w3.org\/2000\/svg\" width=\"24\" height=\"24\" viewbox=\"0 0 24 24\" fill=\"currentColor\">\n                <path d=\"M20.7806 12.531L14.0306 19.281C13.8899 19.4218 13.699 19.5008 13.5 19.5008C13.301 19.5008 13.1101 19.4218 12.9694 19.281C12.8286 19.1403 12.7496 18.9494 12.7496 18.7504C12.7496 18.5514 12.8286 18.3605 12.9694 18.2198L18.4397 12.7504H3.75C3.55109 12.7504 3.36032 12.6714 3.21967 12.5307C3.07902 12.3901 3 12.1993 3 12.0004C3 11.8015 3.07902 11.6107 3.21967 11.4701C3.36032 11.3294 3.55109 11.2504 3.75 11.2504H18.4397L12.9694 5.78104C12.8286 5.64031 12.7496 5.44944 12.7496 5.25042C12.7496 5.05139 12.8286 4.86052 12.9694 4.71979C13.1101 4.57906 13.301 4.5 13.5 4.5C13.699 4.5 13.8899 4.57906 14.0306 4.71979L20.7806 11.4698C20.8504 11.5394 20.9057 11.6222 20.9434 11.7132C20.9812 11.8043 21.0006 11.9019 21.0006 12.0004C21.0006 12.099 20.9812 12.1966 20.9434 12.2876C20.9057 12.3787 20.8504 12.4614 20.7806 12.531Z\" \/>\n            <\/svg>\n        <\/h3>\n    <\/a>\n<\/div><div class=\"bt-product-category--item\">\n    <a class=\"bt-product-category--inner\" href=\"https:\/\/www.meublesmove.be\/nl\/catalogue\/?product_cat=chambre-a-coucher-adulte\">\n        <div class=\"bt-product-category--thumb\">\n            <div class=\"bt-cover-image\">\n                <img loading=\"lazy\" decoding=\"async\" width=\"600\" height=\"400\" src=\"https:\/\/www.meublesmove.be\/wp-content\/uploads\/2025\/08\/cac_suzan.webp\" class=\"attachment-medium_large size-medium_large\" alt=\"\" srcset=\"https:\/\/www.meublesmove.be\/wp-content\/uploads\/2025\/08\/cac_suzan.webp 600w, https:\/\/www.meublesmove.be\/wp-content\/uploads\/2025\/08\/cac_suzan-300x200.webp 300w\" sizes=\"(max-width: 600px) 100vw, 600px\" \/>            <\/div>\n        <\/div>\n        <h3 class=\"bt-product-category--name\">\n            <span>Slaapkamer voor volwassenen<\/span>\n            <svg xmlns=\"http:\/\/www.w3.org\/2000\/svg\" width=\"24\" height=\"24\" viewbox=\"0 0 24 24\" fill=\"currentColor\">\n                <path d=\"M20.7806 12.531L14.0306 19.281C13.8899 19.4218 13.699 19.5008 13.5 19.5008C13.301 19.5008 13.1101 19.4218 12.9694 19.281C12.8286 19.1403 12.7496 18.9494 12.7496 18.7504C12.7496 18.5514 12.8286 18.3605 12.9694 18.2198L18.4397 12.7504H3.75C3.55109 12.7504 3.36032 12.6714 3.21967 12.5307C3.07902 12.3901 3 12.1993 3 12.0004C3 11.8015 3.07902 11.6107 3.21967 11.4701C3.36032 11.3294 3.55109 11.2504 3.75 11.2504H18.4397L12.9694 5.78104C12.8286 5.64031 12.7496 5.44944 12.7496 5.25042C12.7496 5.05139 12.8286 4.86052 12.9694 4.71979C13.1101 4.57906 13.301 4.5 13.5 4.5C13.699 4.5 13.8899 4.57906 14.0306 4.71979L20.7806 11.4698C20.8504 11.5394 20.9057 11.6222 20.9434 11.7132C20.9812 11.8043 21.0006 11.9019 21.0006 12.0004C21.0006 12.099 20.9812 12.1966 20.9434 12.2876C20.9057 12.3787 20.8504 12.4614 20.7806 12.531Z\" \/>\n            <\/svg>\n        <\/h3>\n    <\/a>\n<\/div><div class=\"bt-product-category--item\">\n    <a class=\"bt-product-category--inner\" href=\"https:\/\/www.meublesmove.be\/nl\/catalogue\/?product_cat=chambre-a-coucher-jeune\">\n        <div class=\"bt-product-category--thumb\">\n            <div class=\"bt-cover-image\">\n                <img loading=\"lazy\" decoding=\"async\" width=\"600\" height=\"400\" src=\"https:\/\/www.meublesmove.be\/wp-content\/uploads\/2025\/08\/cac_elias.webp\" class=\"attachment-medium_large size-medium_large\" alt=\"\" srcset=\"https:\/\/www.meublesmove.be\/wp-content\/uploads\/2025\/08\/cac_elias.webp 600w, https:\/\/www.meublesmove.be\/wp-content\/uploads\/2025\/08\/cac_elias-300x200.webp 300w\" sizes=\"(max-width: 600px) 100vw, 600px\" \/>            <\/div>\n        <\/div>\n        <h3 class=\"bt-product-category--name\">\n            <span>Slaapkamer voor kinderen<\/span>\n            <svg xmlns=\"http:\/\/www.w3.org\/2000\/svg\" width=\"24\" height=\"24\" viewbox=\"0 0 24 24\" fill=\"currentColor\">\n                <path d=\"M20.7806 12.531L14.0306 19.281C13.8899 19.4218 13.699 19.5008 13.5 19.5008C13.301 19.5008 13.1101 19.4218 12.9694 19.281C12.8286 19.1403 12.7496 18.9494 12.7496 18.7504C12.7496 18.5514 12.8286 18.3605 12.9694 18.2198L18.4397 12.7504H3.75C3.55109 12.7504 3.36032 12.6714 3.21967 12.5307C3.07902 12.3901 3 12.1993 3 12.0004C3 11.8015 3.07902 11.6107 3.21967 11.4701C3.36032 11.3294 3.55109 11.2504 3.75 11.2504H18.4397L12.9694 5.78104C12.8286 5.64031 12.7496 5.44944 12.7496 5.25042C12.7496 5.05139 12.8286 4.86052 12.9694 4.71979C13.1101 4.57906 13.301 4.5 13.5 4.5C13.699 4.5 13.8899 4.57906 14.0306 4.71979L20.7806 11.4698C20.8504 11.5394 20.9057 11.6222 20.9434 11.7132C20.9812 11.8043 21.0006 11.9019 21.0006 12.0004C21.0006 12.099 20.9812 12.1966 20.9434 12.2876C20.9057 12.3787 20.8504 12.4614 20.7806 12.531Z\" \/>\n            <\/svg>\n        <\/h3>\n    <\/a>\n<\/div><div class=\"bt-product-category--item\">\n    <a class=\"bt-product-category--inner\" href=\"https:\/\/www.meublesmove.be\/nl\/catalogue\/?product_cat=literie-et-boxspring\">\n        <div class=\"bt-product-category--thumb\">\n            <div class=\"bt-cover-image\">\n                <img loading=\"lazy\" decoding=\"async\" width=\"600\" height=\"400\" src=\"https:\/\/www.meublesmove.be\/wp-content\/uploads\/2025\/08\/boxspring_michigan.webp\" class=\"attachment-medium_large size-medium_large\" alt=\"\" srcset=\"https:\/\/www.meublesmove.be\/wp-content\/uploads\/2025\/08\/boxspring_michigan.webp 600w, https:\/\/www.meublesmove.be\/wp-content\/uploads\/2025\/08\/boxspring_michigan-300x200.webp 300w\" sizes=\"(max-width: 600px) 100vw, 600px\" \/>            <\/div>\n        <\/div>\n        <h3 class=\"bt-product-category--name\">\n            <span>Beddengoed en boxspring<\/span>\n            <svg xmlns=\"http:\/\/www.w3.org\/2000\/svg\" width=\"24\" height=\"24\" viewbox=\"0 0 24 24\" fill=\"currentColor\">\n                <path d=\"M20.7806 12.531L14.0306 19.281C13.8899 19.4218 13.699 19.5008 13.5 19.5008C13.301 19.5008 13.1101 19.4218 12.9694 19.281C12.8286 19.1403 12.7496 18.9494 12.7496 18.7504C12.7496 18.5514 12.8286 18.3605 12.9694 18.2198L18.4397 12.7504H3.75C3.55109 12.7504 3.36032 12.6714 3.21967 12.5307C3.07902 12.3901 3 12.1993 3 12.0004C3 11.8015 3.07902 11.6107 3.21967 11.4701C3.36032 11.3294 3.55109 11.2504 3.75 11.2504H18.4397L12.9694 5.78104C12.8286 5.64031 12.7496 5.44944 12.7496 5.25042C12.7496 5.05139 12.8286 4.86052 12.9694 4.71979C13.1101 4.57906 13.301 4.5 13.5 4.5C13.699 4.5 13.8899 4.57906 14.0306 4.71979L20.7806 11.4698C20.8504 11.5394 20.9057 11.6222 20.9434 11.7132C20.9812 11.8043 21.0006 11.9019 21.0006 12.0004C21.0006 12.099 20.9812 12.1966 20.9434 12.2876C20.9057 12.3787 20.8504 12.4614 20.7806 12.531Z\" \/>\n            <\/svg>\n        <\/h3>\n    <\/a>\n<\/div><div class=\"bt-product-category--item\">\n    <a class=\"bt-product-category--inner\" href=\"https:\/\/www.meublesmove.be\/nl\/catalogue\/?product_cat=rangement-et-dressing\">\n        <div class=\"bt-product-category--thumb\">\n            <div class=\"bt-cover-image\">\n                <img loading=\"lazy\" decoding=\"async\" width=\"600\" height=\"400\" src=\"https:\/\/www.meublesmove.be\/wp-content\/uploads\/2025\/08\/13_garderobe_kuta.webp\" class=\"attachment-medium_large size-medium_large\" alt=\"\" srcset=\"https:\/\/www.meublesmove.be\/wp-content\/uploads\/2025\/08\/13_garderobe_kuta.webp 600w, https:\/\/www.meublesmove.be\/wp-content\/uploads\/2025\/08\/13_garderobe_kuta-300x200.webp 300w\" sizes=\"(max-width: 600px) 100vw, 600px\" \/>            <\/div>\n        <\/div>\n        <h3 class=\"bt-product-category--name\">\n            <span>Opbergruimte en kleedkamer<\/span>\n            <svg xmlns=\"http:\/\/www.w3.org\/2000\/svg\" width=\"24\" height=\"24\" viewbox=\"0 0 24 24\" fill=\"currentColor\">\n                <path d=\"M20.7806 12.531L14.0306 19.281C13.8899 19.4218 13.699 19.5008 13.5 19.5008C13.301 19.5008 13.1101 19.4218 12.9694 19.281C12.8286 19.1403 12.7496 18.9494 12.7496 18.7504C12.7496 18.5514 12.8286 18.3605 12.9694 18.2198L18.4397 12.7504H3.75C3.55109 12.7504 3.36032 12.6714 3.21967 12.5307C3.07902 12.3901 3 12.1993 3 12.0004C3 11.8015 3.07902 11.6107 3.21967 11.4701C3.36032 11.3294 3.55109 11.2504 3.75 11.2504H18.4397L12.9694 5.78104C12.8286 5.64031 12.7496 5.44944 12.7496 5.25042C12.7496 5.05139 12.8286 4.86052 12.9694 4.71979C13.1101 4.57906 13.301 4.5 13.5 4.5C13.699 4.5 13.8899 4.57906 14.0306 4.71979L20.7806 11.4698C20.8504 11.5394 20.9057 11.6222 20.9434 11.7132C20.9812 11.8043 21.0006 11.9019 21.0006 12.0004C21.0006 12.099 20.9812 12.1966 20.9434 12.2876C20.9057 12.3787 20.8504 12.4614 20.7806 12.531Z\" \/>\n            <\/svg>\n        <\/h3>\n    <\/a>\n<\/div><div class=\"bt-product-category--item\">\n    <a class=\"bt-product-category--inner\" href=\"https:\/\/www.meublesmove.be\/nl\/catalogue\/?product_cat=deco-et-divers\">\n        <div class=\"bt-product-category--thumb\">\n            <div class=\"bt-cover-image\">\n                <img loading=\"lazy\" decoding=\"async\" width=\"600\" height=\"400\" src=\"https:\/\/www.meublesmove.be\/wp-content\/uploads\/2025\/08\/01_lampe_suspension_8215_16.webp\" class=\"attachment-medium_large size-medium_large\" alt=\"\" srcset=\"https:\/\/www.meublesmove.be\/wp-content\/uploads\/2025\/08\/01_lampe_suspension_8215_16.webp 600w, https:\/\/www.meublesmove.be\/wp-content\/uploads\/2025\/08\/01_lampe_suspension_8215_16-300x200.webp 300w\" sizes=\"(max-width: 600px) 100vw, 600px\" \/>            <\/div>\n        <\/div>\n        <h3 class=\"bt-product-category--name\">\n            <span>Decoratie en diversen<\/span>\n            <svg xmlns=\"http:\/\/www.w3.org\/2000\/svg\" width=\"24\" height=\"24\" viewbox=\"0 0 24 24\" fill=\"currentColor\">\n                <path d=\"M20.7806 12.531L14.0306 19.281C13.8899 19.4218 13.699 19.5008 13.5 19.5008C13.301 19.5008 13.1101 19.4218 12.9694 19.281C12.8286 19.1403 12.7496 18.9494 12.7496 18.7504C12.7496 18.5514 12.8286 18.3605 12.9694 18.2198L18.4397 12.7504H3.75C3.55109 12.7504 3.36032 12.6714 3.21967 12.5307C3.07902 12.3901 3 12.1993 3 12.0004C3 11.8015 3.07902 11.6107 3.21967 11.4701C3.36032 11.3294 3.55109 11.2504 3.75 11.2504H18.4397L12.9694 5.78104C12.8286 5.64031 12.7496 5.44944 12.7496 5.25042C12.7496 5.05139 12.8286 4.86052 12.9694 4.71979C13.1101 4.57906 13.301 4.5 13.5 4.5C13.699 4.5 13.8899 4.57906 14.0306 4.71979L20.7806 11.4698C20.8504 11.5394 20.9057 11.6222 20.9434 11.7132C20.9812 11.8043 21.0006 11.9019 21.0006 12.0004C21.0006 12.099 20.9812 12.1966 20.9434 12.2876C20.9057 12.3787 20.8504 12.4614 20.7806 12.531Z\" \/>\n            <\/svg>\n        <\/h3>\n    <\/a>\n<\/div><div class=\"bt-product-category--item\">\n    <a class=\"bt-product-category--inner\" href=\"https:\/\/www.meublesmove.be\/nl\/catalogue\/?product_cat=relax-et-fauteuil\">\n        <div class=\"bt-product-category--thumb\">\n            <div class=\"bt-cover-image\">\n                <img loading=\"lazy\" decoding=\"async\" width=\"600\" height=\"400\" src=\"https:\/\/www.meublesmove.be\/wp-content\/uploads\/2025\/08\/relax_verona.webp\" class=\"attachment-medium_large size-medium_large\" alt=\"\" srcset=\"https:\/\/www.meublesmove.be\/wp-content\/uploads\/2025\/08\/relax_verona.webp 600w, https:\/\/www.meublesmove.be\/wp-content\/uploads\/2025\/08\/relax_verona-300x200.webp 300w\" sizes=\"(max-width: 600px) 100vw, 600px\" \/>            <\/div>\n        <\/div>\n        <h3 class=\"bt-product-category--name\">\n            <span>Relaxfauteuil en fauteuil<\/span>\n            <svg xmlns=\"http:\/\/www.w3.org\/2000\/svg\" width=\"24\" height=\"24\" viewbox=\"0 0 24 24\" fill=\"currentColor\">\n                <path d=\"M20.7806 12.531L14.0306 19.281C13.8899 19.4218 13.699 19.5008 13.5 19.5008C13.301 19.5008 13.1101 19.4218 12.9694 19.281C12.8286 19.1403 12.7496 18.9494 12.7496 18.7504C12.7496 18.5514 12.8286 18.3605 12.9694 18.2198L18.4397 12.7504H3.75C3.55109 12.7504 3.36032 12.6714 3.21967 12.5307C3.07902 12.3901 3 12.1993 3 12.0004C3 11.8015 3.07902 11.6107 3.21967 11.4701C3.36032 11.3294 3.55109 11.2504 3.75 11.2504H18.4397L12.9694 5.78104C12.8286 5.64031 12.7496 5.44944 12.7496 5.25042C12.7496 5.05139 12.8286 4.86052 12.9694 4.71979C13.1101 4.57906 13.301 4.5 13.5 4.5C13.699 4.5 13.8899 4.57906 14.0306 4.71979L20.7806 11.4698C20.8504 11.5394 20.9057 11.6222 20.9434 11.7132C20.9812 11.8043 21.0006 11.9019 21.0006 12.0004C21.0006 12.099 20.9812 12.1966 20.9434 12.2876C20.9057 12.3787 20.8504 12.4614 20.7806 12.531Z\" \/>\n            <\/svg>\n        <\/h3>\n    <\/a>\n<\/div>\t\t\t\t<\/div>\n\t\t\t<\/div>\n\t\t\t\n\t\t\t\t\t\t\t<\/div>\n\t\t\t\t<\/div>\n\t\t\t\t\t<\/div>\n\t\t\t\t<\/div>\n\t\t\t\t<\/div>","protected":false},"excerpt":{"rendered":"<p>Home \/ Pagina&#8217;s Chaise et table Chambre \u00e0 coucher adulte Chambre \u00e0 coucher jeune D\u00e9co et Divers Literie et Boxspring Mobilier de s\u00e9jour Rangement et dressing Relax et fauteuil Salle \u00e0 manger Salon<\/p>","protected":false},"author":1,"featured_media":0,"parent":0,"menu_order":0,"comment_status":"closed","ping_status":"closed","template":"elementor_header_footer","meta":{"_acf_changed":false,"footnotes":""},"class_list":["post-1679","page","type-page","status-publish","hentry"],"acf":[],"aioseo_notices":[],"_links":{"self":[{"href":"https:\/\/www.meublesmove.be\/nl\/wp-json\/wp\/v2\/pages\/1679","targetHints":{"allow":["GET"]}}],"collection":[{"href":"https:\/\/www.meublesmove.be\/nl\/wp-json\/wp\/v2\/pages"}],"about":[{"href":"https:\/\/www.meublesmove.be\/nl\/wp-json\/wp\/v2\/types\/page"}],"author":[{"embeddable":true,"href":"https:\/\/www.meublesmove.be\/nl\/wp-json\/wp\/v2\/users\/1"}],"replies":[{"embeddable":true,"href":"https:\/\/www.meublesmove.be\/nl\/wp-json\/wp\/v2\/comments?post=1679"}],"version-history":[{"count":13,"href":"https:\/\/www.meublesmove.be\/nl\/wp-json\/wp\/v2\/pages\/1679\/revisions"}],"predecessor-version":[{"id":4409,"href":"https:\/\/www.meublesmove.be\/nl\/wp-json\/wp\/v2\/pages\/1679\/revisions\/4409"}],"wp:attachment":[{"href":"https:\/\/www.meublesmove.be\/nl\/wp-json\/wp\/v2\/media?parent=1679"}],"curies":[{"name":"wp","href":"https:\/\/api.w.org\/{rel}","templated":true}]}}